{"id":947,"date":"2023-07-13T13:41:27","date_gmt":"2023-07-13T13:41:27","guid":{"rendered":"https:\/\/padfaci.org\/?page_id=947"},"modified":"2024-10-20T20:40:30","modified_gmt":"2024-10-20T20:40:30","slug":"avis-a-manifestation-dinteret","status":"publish","type":"page","link":"https:\/\/padfaci.org\/en\/avis-a-manifestation-dinteret\/","title":{"rendered":"Avis \u00e0 manifestation d&rsquo;int\u00e9r\u00eat"},"content":{"rendered":"<div data-elementor-type=\"wp-page\" data-elementor-id=\"947\" class=\"elementor elementor-947\" data-elementor-post-type=\"page\">\n\t\t\t\t\t\t<section data-exad-particle-enable=\"false\" class=\"elementor-section elementor-top-section elementor-element elementor-element-10057be elementor-section-height-min-height elementor-section-full_width elementor-section-stretched elementor-section-height-default elementor-section-items-middle exad-parallax-effect-no exad-background-color-change-no exad-glass-effect-no exad-sticky-section-no\" data-id=\"10057be\" data-element_type=\"section\" data-e-type=\"section\" data-settings=\"{&quot;stretch_section&quot;:&quot;section-stretched&quot;,&quot;background_background&quot;:&quot;classic&quot;}\">\n\t\t\t\t\t\t\t<div class=\"elementor-background-overlay\"><\/div>\n\t\t\t\t\t\t\t<div class=\"elementor-container elementor-column-gap-default\">\n\t\t\t\t\t<div class=\"elementor-column elementor-col-100 elementor-top-column elementor-element elementor-element-2544681 exad-glass-effect-no exad-sticky-section-no\" data-id=\"2544681\" data-element_type=\"column\" data-e-type=\"column\">\n\t\t\t<div class=\"elementor-widget-wrap elementor-element-populated\">\n\t\t\t\t\t\t\t<\/div>\n\t\t<\/div>\n\t\t\t\t\t<\/div>\n\t\t<\/section>\n\t\t\t\t<section data-exad-particle-enable=\"false\" class=\"elementor-section elementor-top-section elementor-element elementor-element-da1247a elementor-section-full_width elementor-section-height-min-height elementor-hidden-desktop elementor-hidden-tablet elementor-hidden-mobile elementor-section-height-default elementor-section-items-middle exad-parallax-effect-no exad-background-color-change-no exad-glass-effect-no exad-sticky-section-no\" data-id=\"da1247a\" data-element_type=\"section\" data-e-type=\"section\" data-settings=\"{&quot;background_background&quot;:&quot;classic&quot;}\">\n\t\t\t\t\t\t<div class=\"elementor-container elementor-column-gap-default\">\n\t\t\t\t\t<div class=\"elementor-column elementor-col-50 elementor-top-column elementor-element elementor-element-e2d7e01 exad-glass-effect-no exad-sticky-section-no\" data-id=\"e2d7e01\" data-element_type=\"column\" data-e-type=\"column\">\n\t\t\t<div class=\"elementor-widget-wrap elementor-element-populated\">\n\t\t\t\t\t\t<div class=\"elementor-element elementor-element-7be13d6 elementor-widget-divider--view-line exad-sticky-section-no exad-glass-effect-no elementor-widget elementor-widget-divider\" data-id=\"7be13d6\" data-element_type=\"widget\" data-e-type=\"widget\" data-widget_type=\"divider.default\">\n\t\t\t\t<div class=\"elementor-widget-container\">\n\t\t\t\t\t\t\t<div class=\"elementor-divider\">\n\t\t\t<span class=\"elementor-divider-separator\">\n\t\t\t\t\t\t<\/span>\n\t\t<\/div>\n\t\t\t\t\t\t<\/div>\n\t\t\t\t<\/div>\n\t\t\t\t<section data-exad-particle-enable=\"false\" class=\"elementor-section elementor-inner-section elementor-element elementor-element-9c4a611 elementor-section-full_width elementor-section-height-default elementor-section-height-default exad-parallax-effect-no exad-background-color-change-no exad-glass-effect-no exad-sticky-section-no\" data-id=\"9c4a611\" data-element_type=\"section\" data-e-type=\"section\">\n\t\t\t\t\t\t<div class=\"elementor-container elementor-column-gap-default\">\n\t\t\t\t\t<div class=\"elementor-column elementor-col-100 elementor-inner-column elementor-element elementor-element-2cd38fd exad-glass-effect-no exad-sticky-section-no\" data-id=\"2cd38fd\" data-element_type=\"column\" data-e-type=\"column\">\n\t\t\t<div class=\"elementor-widget-wrap elementor-element-populated\">\n\t\t\t\t\t\t<div class=\"elementor-element elementor-element-1a7cb65 exad-sticky-section-no exad-glass-effect-no elementor-widget elementor-widget-heading\" data-id=\"1a7cb65\" data-element_type=\"widget\" data-e-type=\"widget\" data-widget_type=\"heading.default\">\n\t\t\t\t<div class=\"elementor-widget-container\">\n\t\t\t\t\t<h2 class=\"elementor-heading-title elementor-size-default\">No offers available\nCurrently<\/h2>\t\t\t\t<\/div>\n\t\t\t\t<\/div>\n\t\t\t\t\t<\/div>\n\t\t<\/div>\n\t\t\t\t\t<\/div>\n\t\t<\/section>\n\t\t\t\t<div class=\"elementor-element elementor-element-df12745 elementor-widget-divider--view-line exad-sticky-section-no exad-glass-effect-no elementor-widget elementor-widget-divider\" data-id=\"df12745\" data-element_type=\"widget\" data-e-type=\"widget\" data-widget_type=\"divider.default\">\n\t\t\t\t<div class=\"elementor-widget-container\">\n\t\t\t\t\t\t\t<div class=\"elementor-divider\">\n\t\t\t<span class=\"elementor-divider-separator\">\n\t\t\t\t\t\t<\/span>\n\t\t<\/div>\n\t\t\t\t\t\t<\/div>\n\t\t\t\t<\/div>\n\t\t\t\t\t<\/div>\n\t\t<\/div>\n\t\t\t\t<div class=\"elementor-column elementor-col-50 elementor-top-column elementor-element elementor-element-540c1e7 exad-glass-effect-no exad-sticky-section-no\" data-id=\"540c1e7\" data-element_type=\"column\" data-e-type=\"column\">\n\t\t\t<div class=\"elementor-widget-wrap elementor-element-populated\">\n\t\t\t\t\t\t<div class=\"elementor-element elementor-element-20b8622 elementor-nav-menu__text-align-aside exad-sticky-section-no exad-glass-effect-no elementor-widget elementor-widget-nav-menu\" data-id=\"20b8622\" data-element_type=\"widget\" data-e-type=\"widget\" data-settings=\"{&quot;layout&quot;:&quot;dropdown&quot;,&quot;submenu_icon&quot;:{&quot;value&quot;:&quot;&lt;i class=\\&quot;fas fa-caret-right\\&quot; aria-hidden=\\&quot;true\\&quot;&gt;&lt;\\\/i&gt;&quot;,&quot;library&quot;:&quot;fa-solid&quot;}}\" data-widget_type=\"nav-menu.default\">\n\t\t\t\t<div class=\"elementor-widget-container\">\n\t\t\t\t\t\t\t\t<nav class=\"elementor-nav-menu--dropdown elementor-nav-menu__container\" aria-hidden=\"true\">\n\t\t\t\t<ul id=\"menu-2-20b8622\" class=\"elementor-nav-menu\"><li class=\"menu-item menu-item-type-post_type menu-item-object-page menu-item-988\"><a href=\"https:\/\/padfaci.org\/en\/recrutement\/\" class=\"elementor-item\" tabindex=\"-1\">Recruitment<\/a><\/li>\n<li class=\"menu-item menu-item-type-post_type menu-item-object-page menu-item-989\"><a href=\"https:\/\/padfaci.org\/en\/avis-a-manifestation-dinteret\/\" class=\"elementor-item\" tabindex=\"-1\">Notice of expression of interest<\/a><\/li>\n<\/ul>\t\t\t<\/nav>\n\t\t\t\t\t\t<\/div>\n\t\t\t\t<\/div>\n\t\t\t\t\t<\/div>\n\t\t<\/div>\n\t\t\t\t\t<\/div>\n\t\t<\/section>\n\t\t\t\t<section data-exad-particle-enable=\"false\" class=\"elementor-section elementor-top-section elementor-element elementor-element-506ddce elementor-section-full_width elementor-section-height-default elementor-section-height-default exad-parallax-effect-no exad-background-color-change-no exad-glass-effect-no exad-sticky-section-no\" data-id=\"506ddce\" data-element_type=\"section\" data-e-type=\"section\">\n\t\t\t\t\t\t<div class=\"elementor-container elementor-column-gap-default\">\n\t\t\t\t\t<div class=\"elementor-column elementor-col-50 elementor-top-column elementor-element elementor-element-556e085 exad-glass-effect-no exad-sticky-section-no\" data-id=\"556e085\" data-element_type=\"column\" data-e-type=\"column\">\n\t\t\t<div class=\"elementor-widget-wrap elementor-element-populated\">\n\t\t\t\t\t\t<div class=\"elementor-element elementor-element-581beae elementor-widget-divider--view-line exad-sticky-section-no exad-glass-effect-no elementor-widget elementor-widget-divider\" data-id=\"581beae\" data-element_type=\"widget\" data-e-type=\"widget\" data-widget_type=\"divider.default\">\n\t\t\t\t<div class=\"elementor-widget-container\">\n\t\t\t\t\t\t\t<div class=\"elementor-divider\">\n\t\t\t<span class=\"elementor-divider-separator\">\n\t\t\t\t\t\t<\/span>\n\t\t<\/div>\n\t\t\t\t\t\t<\/div>\n\t\t\t\t<\/div>\n\t\t\t\t<section data-exad-particle-enable=\"false\" class=\"elementor-section elementor-inner-section elementor-element elementor-element-86b5717 elementor-section-full_width elementor-section-height-default elementor-section-height-default exad-parallax-effect-no exad-background-color-change-no exad-glass-effect-no exad-sticky-section-no\" data-id=\"86b5717\" data-element_type=\"section\" data-e-type=\"section\">\n\t\t\t\t\t\t<div class=\"elementor-container elementor-column-gap-default\">\n\t\t\t\t\t<div class=\"elementor-column elementor-col-100 elementor-inner-column elementor-element elementor-element-9f41ca0 exad-glass-effect-no exad-sticky-section-no\" data-id=\"9f41ca0\" data-element_type=\"column\" data-e-type=\"column\">\n\t\t\t<div class=\"elementor-widget-wrap elementor-element-populated\">\n\t\t\t\t\t\t<div class=\"elementor-element elementor-element-81d5127 exad-sticky-section-no exad-glass-effect-no elementor-widget elementor-widget-exad-table\" data-id=\"81d5127\" data-element_type=\"widget\" data-e-type=\"widget\" data-widget_type=\"exad-table.default\">\n\t\t\t\t<div class=\"elementor-widget-container\">\n\t\t\t\t\t\t\t<div class=\"exad-table-container\" table-table_id=\"81d5127\">\n\t\t\t<table id=\"exad-table-id-81d5127\" class=\"exad-main-table dt-responsive\">\n\t\t\t    <thead>\n\t\t\t        <tr class=\"table-heading\">\n\t\t\t        \t\n\t\t            \t\t<th  >\n\t\t\t\t\t\t\t\tN\u00b0\t\t\t\t\t\t\t<\/th>\n\t\t\t\t\t\t\t\n\t\t            \t\t<th  >\n\t\t\t\t\t\t\t\tTitre de l&#039;offre\t\t\t\t\t\t\t<\/th>\n\t\t\t\t\t\t\t\n\t\t            \t\t<th  >\n\t\t\t\t\t\t\t\tDownloads\t\t\t\t\t\t\t<\/th>\n\t\t\t\t\t\t\t\n\t\t            \t\t<th  >\n\t\t\t\t\t\t\t\tDate de cloture\t\t\t\t\t\t\t<\/th>\n\t\t\t\t\t\t\t\t\t\t        <\/tr>\n\t\t\t    <\/thead>\n\n\t\t\t  \t<tbody>\n\t\t\t\t\t\t\t\t\t\t\t<tr class=\"exad-table-row\">\n\t\t\t\t\t\t\t\t\t\t\t\t\t\t\t\t\n\t\t\t\t\t\t\t\t\t<td  >\n\t\t\t\t\t\t\t\t\t\t<div class=\"exad-td-content-wrapper\">\n\t\t\t\t\t\t\t\t\t\t\t<div class=\"exad-td-content\" >\n\t\t\t\t\t\t\t\t\t\t\t\t1\t\t\t\t\t\t\t\t\t\t\t<\/div>\n\t\t\t\t\t\t\t\t\t\t<\/div>\n\t\t\t\t\t\t\t\t\t<\/td>\n\t\t\t\t\t\t\t\t\t\t\t\t\t\t\t\t\t\t\t\t\t\t\t\t\n\t\t\t\t\t\t\t\t\t<td  >\n\t\t\t\t\t\t\t\t\t\t<div class=\"exad-td-content-wrapper\">\n\t\t\t\t\t\t\t\t\t\t\t<div class=\"exad-td-content\" >\n\t\t\t\t\t\t\t\t\t\t\t\t AMI  N\u00b0 S 65\/2024 - RECRUTEMENT DE CABINETS, DE BUREAUX D'\u00c9TUDE OU D\u2019AGENCES DE D\u00c9VELOPPEMENT AGRICOLE POUR REALISER L\u2019APPUI CONSEIL AUPRES DES PRODUCTEURS POUR LA CULTURE DE RIZ.\t\t\t\t\t\t\t\t\t\t\t<\/div>\n\t\t\t\t\t\t\t\t\t\t<\/div>\n\t\t\t\t\t\t\t\t\t<\/td>\n\t\t\t\t\t\t\t\t\t\t\t\t\t\t\t\t\t\t\t\t\t\t\t\t\n\t\t\t\t\t\t\t\t\t<td  >\n\t\t\t\t\t\t\t\t\t\t<div class=\"exad-td-content-wrapper\">\n\t\t\t\t\t\t\t\t\t\t\t<div class=\"exad-td-content\" >\n\t\t\t\t\t\t\t\t\t\t\t\t\t\t\t\t\t\t\t\t\t\t\t\t\t<i class=\"far fa-file-pdf exad-table-content-icon\"><\/i>\n\t\t\t\t\t\t\t\t\t\t\t\t\t\t\t\t\t\t\t\t\t\t\t\t\t<a href=\"https:\/\/padfaci.org\/wp-content\/uploads\/2024\/05\/AMI-Appui-conseil__2024-Lot-2-riz-Frat-Mat.pdf\" target=\"_blank\" >\n\t\t\t\t\t\t\t\t\t\t\t\t\t\tDownload\t\t\t\t\t\t\t\t\t\t\t\t\t<\/a>\n\t\t\t\t\t\t\t\t\t\t\t\t\t\t\t\t\t\t\t\t\t\t\t<\/div>\n\t\t\t\t\t\t\t\t\t\t<\/div>\n\t\t\t\t\t\t\t\t\t<\/td>\n\t\t\t\t\t\t\t\t\t\t\t\t\t\t\t\t\t\t\t\t\t\t\t\t\n\t\t\t\t\t\t\t\t\t<td  >\n\t\t\t\t\t\t\t\t\t\t<div class=\"exad-td-content-wrapper\">\n\t\t\t\t\t\t\t\t\t\t\t<div class=\"exad-td-content\" >\n\t\t\t\t\t\t\t\t\t\t\t\t19\/06\/2024\t\t\t\t\t\t\t\t\t\t\t<\/div>\n\t\t\t\t\t\t\t\t\t\t<\/div>\n\t\t\t\t\t\t\t\t\t<\/td>\n\t\t\t\t\t\t\t\t\t\t\t\t\t\t\t\t\t\t\t\t\t\t\t\t\t\t\t\t\t\t\t\t\t\t\t\t\t\t\t\t\t\t\t\t\t\t\t\t\t\t\t\t\t\t\t\t\t\t\t\t\t\t\t\t\t\t\t\t\t\t\t\t\t\t\t\t\t\t\t\t\t\t\t\t\t\t\t\t\t\t\t\t\t\t\t\t\t\t\t\t\t\t\t\t\t\t\t\t\t\t\t\t\t\t\t\t\t\t\t\t\t\t\t\t\t\t\t\t\t\t\t\t\t<\/tr>\n\t\t\t        \t\t\t\t\t\t<tr class=\"exad-table-row\">\n\t\t\t\t\t\t\t\t\t\t\t\t\t\t\t\t\t\t\t\t\t\t\t\t\t\t\t\t\t\t\t\t\t\t\t\t\t\t\t\t\t\t\t\t\n\t\t\t\t\t\t\t\t\t<td  >\n\t\t\t\t\t\t\t\t\t\t<div class=\"exad-td-content-wrapper\">\n\t\t\t\t\t\t\t\t\t\t\t<div class=\"exad-td-content\" >\n\t\t\t\t\t\t\t\t\t\t\t\t2\t\t\t\t\t\t\t\t\t\t\t<\/div>\n\t\t\t\t\t\t\t\t\t\t<\/div>\n\t\t\t\t\t\t\t\t\t<\/td>\n\t\t\t\t\t\t\t\t\t\t\t\t\t\t\t\t\t\t\t\t\t\t\t\t\n\t\t\t\t\t\t\t\t\t<td  >\n\t\t\t\t\t\t\t\t\t\t<div class=\"exad-td-content-wrapper\">\n\t\t\t\t\t\t\t\t\t\t\t<div class=\"exad-td-content\" >\n\t\t\t\t\t\t\t\t\t\t\t\tAMI N\u00b0 S 71\/2024 - RECRUTEMENT DE CABINETS, DE BUREAUX D'\u00c9TUDE OU D\u2019AGENCES DE D\u00c9VELOPPEMENT AGRICOLE POUR REALISER L\u2019APPUI CONSEIL AUPRES DES PRODUCTEURS DE MARA\u00ceCHERS POUR LA CONTRE SAISON 2024 ET 2025 DU PADFA.\t\t\t\t\t\t\t\t\t\t\t<\/div>\n\t\t\t\t\t\t\t\t\t\t<\/div>\n\t\t\t\t\t\t\t\t\t<\/td>\n\t\t\t\t\t\t\t\t\t\t\t\t\t\t\t\t\t\t\t\t\t\t\t\t\n\t\t\t\t\t\t\t\t\t<td  >\n\t\t\t\t\t\t\t\t\t\t<div class=\"exad-td-content-wrapper\">\n\t\t\t\t\t\t\t\t\t\t\t<div class=\"exad-td-content\" >\n\t\t\t\t\t\t\t\t\t\t\t\t\t\t\t\t\t\t\t\t\t\t\t\t\t<i class=\"far fa-file-pdf exad-table-content-icon\"><\/i>\n\t\t\t\t\t\t\t\t\t\t\t\t\t\t\t\t\t\t\t\t\t\t\t\t\t<a href=\"https:\/\/padfaci.org\/wp-content\/uploads\/2024\/05\/AMI-Appui-conseil-Maraicher-2-Frat-Mat.pdf\" target=\"_blank\" >\n\t\t\t\t\t\t\t\t\t\t\t\t\t\tDownload\t\t\t\t\t\t\t\t\t\t\t\t\t<\/a>\n\t\t\t\t\t\t\t\t\t\t\t\t\t\t\t\t\t\t\t\t\t\t\t<\/div>\n\t\t\t\t\t\t\t\t\t\t<\/div>\n\t\t\t\t\t\t\t\t\t<\/td>\n\t\t\t\t\t\t\t\t\t\t\t\t\t\t\t\t\t\t\t\t\t\t\t\t\n\t\t\t\t\t\t\t\t\t<td  >\n\t\t\t\t\t\t\t\t\t\t<div class=\"exad-td-content-wrapper\">\n\t\t\t\t\t\t\t\t\t\t\t<div class=\"exad-td-content\" >\n\t\t\t\t\t\t\t\t\t\t\t\t19\/06\/2024\t\t\t\t\t\t\t\t\t\t\t<\/div>\n\t\t\t\t\t\t\t\t\t\t<\/div>\n\t\t\t\t\t\t\t\t\t<\/td>\n\t\t\t\t\t\t\t\t\t\t\t\t\t\t\t\t\t\t\t\t\t\t\t\t\t\t\t\t\t\t\t\t\t\t\t\t\t\t\t\t\t\t\t\t\t\t\t\t\t\t\t\t\t\t\t\t\t\t\t\t\t\t\t\t\t\t\t\t\t\t\t\t\t\t\t\t\t\t\t\t\t\t\t\t\t\t\t\t\t\t\t\t\t\t\t\t\t\t\t\t\t\t\t\t\t<\/tr>\n\t\t\t        \t\t\t\t\t\t<tr class=\"exad-table-row\">\n\t\t\t\t\t\t\t\t\t\t\t\t\t\t\t\t\t\t\t\t\t\t\t\t\t\t\t\t\t\t\t\t\t\t\t\t\t\t\t\t\t\t\t\t\t\t\t\t\t\t\t\t\t\t\t\t\t\t\t\t\t\t\t\t\t\t\t\t\t\t\t\t\n\t\t\t\t\t\t\t\t\t<td  >\n\t\t\t\t\t\t\t\t\t\t<div class=\"exad-td-content-wrapper\">\n\t\t\t\t\t\t\t\t\t\t\t<div class=\"exad-td-content\" >\n\t\t\t\t\t\t\t\t\t\t\t\t3\t\t\t\t\t\t\t\t\t\t\t<\/div>\n\t\t\t\t\t\t\t\t\t\t<\/div>\n\t\t\t\t\t\t\t\t\t<\/td>\n\t\t\t\t\t\t\t\t\t\t\t\t\t\t\t\t\t\t\t\t\t\t\t\t\n\t\t\t\t\t\t\t\t\t<td  >\n\t\t\t\t\t\t\t\t\t\t<div class=\"exad-td-content-wrapper\">\n\t\t\t\t\t\t\t\t\t\t\t<div class=\"exad-td-content\" >\n\t\t\t\t\t\t\t\t\t\t\t\tAMI N\u00b0 S 66\/2024 - RECRUTEMENT D\u2019UN BUREAU D\u2019INGENIERIE CONSEILS POUR LE SUIVI CONTR\u00d4LE DES TRAVAUX DE CONSTRUCTION ET DE R\u00c9HABILITATION D\u2019INFRASTRUCTURES MARCHANDES \u00c0 CO\u00dbT PARTRAG\u00c9S DANS LES ZONES DU PROGRAMME DU PADFA (GBEKE, HAMBOL).\t\t\t\t\t\t\t\t\t\t\t<\/div>\n\t\t\t\t\t\t\t\t\t\t<\/div>\n\t\t\t\t\t\t\t\t\t<\/td>\n\t\t\t\t\t\t\t\t\t\t\t\t\t\t\t\t\t\t\t\t\t\t\t\t\n\t\t\t\t\t\t\t\t\t<td  >\n\t\t\t\t\t\t\t\t\t\t<div class=\"exad-td-content-wrapper\">\n\t\t\t\t\t\t\t\t\t\t\t<div class=\"exad-td-content\" >\n\t\t\t\t\t\t\t\t\t\t\t\t\t\t\t\t\t\t\t\t\t\t\t\t\t<i class=\"far fa-file-pdf exad-table-content-icon\"><\/i>\n\t\t\t\t\t\t\t\t\t\t\t\t\t\t\t\t\t\t\t\t\t\t\t\t\t<a href=\"https:\/\/padfaci.org\/wp-content\/uploads\/2024\/05\/AMI-recrutement-de-BIC-pour-les-I.M-GBEKE-HAMBOL-Frat-Mat.pdf\" target=\"_blank\" >\n\t\t\t\t\t\t\t\t\t\t\t\t\t\tDownload\t\t\t\t\t\t\t\t\t\t\t\t\t<\/a>\n\t\t\t\t\t\t\t\t\t\t\t\t\t\t\t\t\t\t\t\t\t\t\t<\/div>\n\t\t\t\t\t\t\t\t\t\t<\/div>\n\t\t\t\t\t\t\t\t\t<\/td>\n\t\t\t\t\t\t\t\t\t\t\t\t\t\t\t\t\t\t\t\t\t\t\t\t\n\t\t\t\t\t\t\t\t\t<td  >\n\t\t\t\t\t\t\t\t\t\t<div class=\"exad-td-content-wrapper\">\n\t\t\t\t\t\t\t\t\t\t\t<div class=\"exad-td-content\" >\n\t\t\t\t\t\t\t\t\t\t\t\t19\/06\/2024\t\t\t\t\t\t\t\t\t\t\t<\/div>\n\t\t\t\t\t\t\t\t\t\t<\/div>\n\t\t\t\t\t\t\t\t\t<\/td>\n\t\t\t\t\t\t\t\t\t\t\t\t\t\t\t\t\t\t\t\t\t\t\t\t\t\t\t\t\t\t\t\t\t\t\t\t\t\t\t\t\t\t\t\t\t\t\t\t\t\t\t\t\t\t\t\t\t\t\t\t\t\t\t\t\t\t\t\t\t\t\t\t\t\t\t\t\t<\/tr>\n\t\t\t        \t\t\t\t\t\t<tr class=\"exad-table-row\">\n\t\t\t\t\t\t\t\t\t\t\t\t\t\t\t\t\t\t\t\t\t\t\t\t\t\t\t\t\t\t\t\t\t\t\t\t\t\t\t\t\t\t\t\t\t\t\t\t\t\t\t\t\t\t\t\t\t\t\t\t\t\t\t\t\t\t\t\t\t\t\t\t\t\t\t\t\t\t\t\t\t\t\t\t\t\t\t\t\t\t\t\t\t\t\t\t\t\t\t\t\n\t\t\t\t\t\t\t\t\t<td  >\n\t\t\t\t\t\t\t\t\t\t<div class=\"exad-td-content-wrapper\">\n\t\t\t\t\t\t\t\t\t\t\t<div class=\"exad-td-content\" >\n\t\t\t\t\t\t\t\t\t\t\t\t4\t\t\t\t\t\t\t\t\t\t\t<\/div>\n\t\t\t\t\t\t\t\t\t\t<\/div>\n\t\t\t\t\t\t\t\t\t<\/td>\n\t\t\t\t\t\t\t\t\t\t\t\t\t\t\t\t\t\t\t\t\t\t\t\t\n\t\t\t\t\t\t\t\t\t<td  >\n\t\t\t\t\t\t\t\t\t\t<div class=\"exad-td-content-wrapper\">\n\t\t\t\t\t\t\t\t\t\t\t<div class=\"exad-td-content\" >\n\t\t\t\t\t\t\t\t\t\t\t\tAMI N\u00b0 S 70\/2024 - RECRUTEMENT D\u2019UN BUREAU D\u2019INGENIERIE CONSEILS POUR LE SUIVI CONTR\u00d4LE DES TRAVAUX DE CONSTRUCTION ET DE R\u00c9HABILITATION D\u2019INFRASTRUCTURES MARCHANDES \u00c0 CO\u00dbT PARTRAG\u00c9S DANS LES ZONES DU PROGRAMME DU PADFA (PORO, TCHOLOGO, BAGOUE).\t\t\t\t\t\t\t\t\t\t\t<\/div>\n\t\t\t\t\t\t\t\t\t\t<\/div>\n\t\t\t\t\t\t\t\t\t<\/td>\n\t\t\t\t\t\t\t\t\t\t\t\t\t\t\t\t\t\t\t\t\t\t\t\t\n\t\t\t\t\t\t\t\t\t<td  >\n\t\t\t\t\t\t\t\t\t\t<div class=\"exad-td-content-wrapper\">\n\t\t\t\t\t\t\t\t\t\t\t<div class=\"exad-td-content\" >\n\t\t\t\t\t\t\t\t\t\t\t\t\t\t\t\t\t\t\t\t\t\t\t\t\t<i class=\"far fa-file-pdf exad-table-content-icon\"><\/i>\n\t\t\t\t\t\t\t\t\t\t\t\t\t\t\t\t\t\t\t\t\t\t\t\t\t<a href=\"https:\/\/padfaci.org\/wp-content\/uploads\/2024\/05\/AMI-recrutement-de-BIC-pour-les-I.M-PORO-TCHOLOGO-BAGOUE.pdf\" target=\"_blank\" >\n\t\t\t\t\t\t\t\t\t\t\t\t\t\tDownload\t\t\t\t\t\t\t\t\t\t\t\t\t<\/a>\n\t\t\t\t\t\t\t\t\t\t\t\t\t\t\t\t\t\t\t\t\t\t\t<\/div>\n\t\t\t\t\t\t\t\t\t\t<\/div>\n\t\t\t\t\t\t\t\t\t<\/td>\n\t\t\t\t\t\t\t\t\t\t\t\t\t\t\t\t\t\t\t\t\t\t\t\t\n\t\t\t\t\t\t\t\t\t<td  >\n\t\t\t\t\t\t\t\t\t\t<div class=\"exad-td-content-wrapper\">\n\t\t\t\t\t\t\t\t\t\t\t<div class=\"exad-td-content\" >\n\t\t\t\t\t\t\t\t\t\t\t\t19\/06\/2024\t\t\t\t\t\t\t\t\t\t\t<\/div>\n\t\t\t\t\t\t\t\t\t\t<\/div>\n\t\t\t\t\t\t\t\t\t<\/td>\n\t\t\t\t\t\t\t\t\t\t\t\t\t\t\t\t\t\t\t\t\t\t\t\t\t\t\t\t\t\t\t\t\t\t\t\t\t\t\t\t\t\t\t\t\t\t\t\t\t<\/tr>\n\t\t\t        \t\t\t\t\t\t<tr class=\"exad-table-row\">\n\t\t\t\t\t\t\t\t\t\t\t\t\t\t\t\t\t\t\t\t\t\t\t\t\t\t\t\t\t\t\t\t\t\t\t\t\t\t\t\t\t\t\t\t\t\t\t\t\t\t\t\t\t\t\t\t\t\t\t\t\t\t\t\t\t\t\t\t\t\t\t\t\t\t\t\t\t\t\t\t\t\t\t\t\t\t\t\t\t\t\t\t\t\t\t\t\t\t\t\t\t\t\t\t\t\t\t\t\t\t\t\t\t\t\t\t\t\t\t\t\t\t\t\t\t\t\t\t\n\t\t\t\t\t\t\t\t\t<td  >\n\t\t\t\t\t\t\t\t\t\t<div class=\"exad-td-content-wrapper\">\n\t\t\t\t\t\t\t\t\t\t\t<div class=\"exad-td-content\" >\n\t\t\t\t\t\t\t\t\t\t\t\t5\t\t\t\t\t\t\t\t\t\t\t<\/div>\n\t\t\t\t\t\t\t\t\t\t<\/div>\n\t\t\t\t\t\t\t\t\t<\/td>\n\t\t\t\t\t\t\t\t\t\t\t\t\t\t\t\t\t\t\t\t\t\t\t\t\n\t\t\t\t\t\t\t\t\t<td  >\n\t\t\t\t\t\t\t\t\t\t<div class=\"exad-td-content-wrapper\">\n\t\t\t\t\t\t\t\t\t\t\t<div class=\"exad-td-content\" >\n\t\t\t\t\t\t\t\t\t\t\t\tAMI N\u00b0 S 161\/2024 - RECRUTEMENT D\u2019UNE STRUCTURE SPECIALISEE POUR LE GEOREFERENCEMENT (SIG) DES REALISATIONS DU PADFA.\t\t\t\t\t\t\t\t\t\t\t<\/div>\n\t\t\t\t\t\t\t\t\t\t<\/div>\n\t\t\t\t\t\t\t\t\t<\/td>\n\t\t\t\t\t\t\t\t\t\t\t\t\t\t\t\t\t\t\t\t\t\t\t\t\n\t\t\t\t\t\t\t\t\t<td  >\n\t\t\t\t\t\t\t\t\t\t<div class=\"exad-td-content-wrapper\">\n\t\t\t\t\t\t\t\t\t\t\t<div class=\"exad-td-content\" >\n\t\t\t\t\t\t\t\t\t\t\t\t\t\t\t\t\t\t\t\t\t\t\t\t\t<i class=\"far fa-file-pdf exad-table-content-icon\"><\/i>\n\t\t\t\t\t\t\t\t\t\t\t\t\t\t\t\t\t\t\t\t\t\t\t\t\t<a href=\"https:\/\/padfaci.org\/wp-content\/uploads\/2024\/10\/AMI-GEOLOCALISATION-SIG-DES-REALISATIONS-DU-PADFA-31082024.pdf\" target=\"_blank\" >\n\t\t\t\t\t\t\t\t\t\t\t\t\t\tDownload\t\t\t\t\t\t\t\t\t\t\t\t\t<\/a>\n\t\t\t\t\t\t\t\t\t\t\t\t\t\t\t\t\t\t\t\t\t\t\t<\/div>\n\t\t\t\t\t\t\t\t\t\t<\/div>\n\t\t\t\t\t\t\t\t\t<\/td>\n\t\t\t\t\t\t\t\t\t\t\t\t\t\t\t\t\t\t\t\t\t\t\t\t\n\t\t\t\t\t\t\t\t\t<td  >\n\t\t\t\t\t\t\t\t\t\t<div class=\"exad-td-content-wrapper\">\n\t\t\t\t\t\t\t\t\t\t\t<div class=\"exad-td-content\" >\n\t\t\t\t\t\t\t\t\t\t\t\t31\/10\/2024\t\t\t\t\t\t\t\t\t\t\t<\/div>\n\t\t\t\t\t\t\t\t\t\t<\/div>\n\t\t\t\t\t\t\t\t\t<\/td>\n\t\t\t\t\t\t\t\t\t\t\t\t\t\t\t\t\t\t\t\t\t<\/tr>\n\t\t\t        \t\t\t    <\/tbody>\n\t\t\t<\/table>\n\t\t<\/div>\n\t\t\t\t\t\t<\/div>\n\t\t\t\t<\/div>\n\t\t\t\t\t<\/div>\n\t\t<\/div>\n\t\t\t\t\t<\/div>\n\t\t<\/section>\n\t\t\t\t<div class=\"elementor-element elementor-element-fac0037 elementor-widget-divider--view-line exad-sticky-section-no exad-glass-effect-no elementor-widget elementor-widget-divider\" data-id=\"fac0037\" data-element_type=\"widget\" data-e-type=\"widget\" data-widget_type=\"divider.default\">\n\t\t\t\t<div class=\"elementor-widget-container\">\n\t\t\t\t\t\t\t<div class=\"elementor-divider\">\n\t\t\t<span class=\"elementor-divider-separator\">\n\t\t\t\t\t\t<\/span>\n\t\t<\/div>\n\t\t\t\t\t\t<\/div>\n\t\t\t\t<\/div>\n\t\t\t\t\t<\/div>\n\t\t<\/div>\n\t\t\t\t<div class=\"elementor-column elementor-col-50 elementor-top-column elementor-element elementor-element-3e4a855 exad-glass-effect-no exad-sticky-section-no\" data-id=\"3e4a855\" data-element_type=\"column\" data-e-type=\"column\">\n\t\t\t<div class=\"elementor-widget-wrap elementor-element-populated\">\n\t\t\t\t\t\t<div class=\"elementor-element elementor-element-869b2a1 elementor-nav-menu__text-align-aside exad-sticky-section-no exad-glass-effect-no elementor-widget elementor-widget-nav-menu\" data-id=\"869b2a1\" data-element_type=\"widget\" data-e-type=\"widget\" data-settings=\"{&quot;layout&quot;:&quot;dropdown&quot;,&quot;submenu_icon&quot;:{&quot;value&quot;:&quot;&lt;i class=\\&quot;fas fa-caret-right\\&quot; aria-hidden=\\&quot;true\\&quot;&gt;&lt;\\\/i&gt;&quot;,&quot;library&quot;:&quot;fa-solid&quot;}}\" data-widget_type=\"nav-menu.default\">\n\t\t\t\t<div class=\"elementor-widget-container\">\n\t\t\t\t\t\t\t\t<nav class=\"elementor-nav-menu--dropdown elementor-nav-menu__container\" aria-hidden=\"true\">\n\t\t\t\t<ul id=\"menu-2-869b2a1\" class=\"elementor-nav-menu\"><li class=\"menu-item menu-item-type-post_type menu-item-object-page menu-item-988\"><a href=\"https:\/\/padfaci.org\/en\/recrutement\/\" class=\"elementor-item\" tabindex=\"-1\">Recruitment<\/a><\/li>\n<li class=\"menu-item menu-item-type-post_type menu-item-object-page menu-item-989\"><a href=\"https:\/\/padfaci.org\/en\/avis-a-manifestation-dinteret\/\" class=\"elementor-item\" tabindex=\"-1\">Notice of expression of interest<\/a><\/li>\n<\/ul>\t\t\t<\/nav>\n\t\t\t\t\t\t<\/div>\n\t\t\t\t<\/div>\n\t\t\t\t\t<\/div>\n\t\t<\/div>\n\t\t\t\t\t<\/div>\n\t\t<\/section>\n\t\t\t\t<\/div>","protected":false},"excerpt":{"rendered":"<p>Aucune offre disponible actuellement N\u00b0 Titre de l&#039;offre T\u00e9l\u00e9chargements Date de cloture 1 AMI N\u00b0 S 65\/2024 &#8211; RECRUTEMENT DE CABINETS, DE BUREAUX D&rsquo;\u00c9TUDE OU D\u2019AGENCES DE D\u00c9VELOPPEMENT AGRICOLE POUR REALISER L\u2019APPUI CONSEIL AUPRES DES PRODUCTEURS POUR LA CULTURE DE RIZ. T\u00e9l\u00e9charger 19\/06\/2024 2 AMI N\u00b0 S 71\/2024 &#8211; RECRUTEMENT DE CABINETS, DE BUREAUX D&rsquo;\u00c9TUDE&hellip; <a class=\"more-link\" href=\"https:\/\/padfaci.org\/en\/avis-a-manifestation-dinteret\/\">Continue reading <span class=\"screen-reader-text\">Avis \u00e0 manifestation d&rsquo;int\u00e9r\u00eat<\/span><\/a><\/p>","protected":false},"author":1,"featured_media":0,"parent":0,"menu_order":0,"comment_status":"closed","ping_status":"closed","template":"","meta":{"pgc_sgb_lightbox_settings":"","footnotes":""},"class_list":["post-947","page","type-page","status-publish","hentry","entry"],"aioseo_notices":[],"jetpack_sharing_enabled":true,"_links":{"self":[{"href":"https:\/\/padfaci.org\/en\/wp-json\/wp\/v2\/pages\/947","targetHints":{"allow":["GET"]}}],"collection":[{"href":"https:\/\/padfaci.org\/en\/wp-json\/wp\/v2\/pages"}],"about":[{"href":"https:\/\/padfaci.org\/en\/wp-json\/wp\/v2\/types\/page"}],"author":[{"embeddable":true,"href":"https:\/\/padfaci.org\/en\/wp-json\/wp\/v2\/users\/1"}],"replies":[{"embeddable":true,"href":"https:\/\/padfaci.org\/en\/wp-json\/wp\/v2\/comments?post=947"}],"version-history":[{"count":52,"href":"https:\/\/padfaci.org\/en\/wp-json\/wp\/v2\/pages\/947\/revisions"}],"predecessor-version":[{"id":2160,"href":"https:\/\/padfaci.org\/en\/wp-json\/wp\/v2\/pages\/947\/revisions\/2160"}],"wp:attachment":[{"href":"https:\/\/padfaci.org\/en\/wp-json\/wp\/v2\/media?parent=947"}],"curies":[{"name":"wp","href":"https:\/\/api.w.org\/{rel}","templated":true}]}}