{"id":790,"date":"2023-07-13T12:54:41","date_gmt":"2023-07-13T12:54:41","guid":{"rendered":"https:\/\/padfaci.org\/?page_id=790"},"modified":"2024-06-07T13:15:30","modified_gmt":"2024-06-07T13:15:30","slug":"documents-officiels","status":"publish","type":"page","link":"https:\/\/padfaci.org\/en\/documents-officiels\/","title":{"rendered":"Official documents"},"content":{"rendered":"<div data-elementor-type=\"wp-page\" data-elementor-id=\"790\" class=\"elementor elementor-790\" data-elementor-post-type=\"page\">\n\t\t\t\t\t\t<section data-exad-particle-enable=\"false\" class=\"elementor-section elementor-top-section elementor-element elementor-element-72f2ba4 elementor-section-height-min-height elementor-section-full_width elementor-section-stretched elementor-section-height-default elementor-section-items-middle exad-parallax-effect-no exad-background-color-change-no exad-glass-effect-no exad-sticky-section-no\" data-id=\"72f2ba4\" data-element_type=\"section\" data-settings=\"{&quot;stretch_section&quot;:&quot;section-stretched&quot;,&quot;background_background&quot;:&quot;classic&quot;}\">\n\t\t\t\t\t\t\t<div class=\"elementor-background-overlay\"><\/div>\n\t\t\t\t\t\t\t<div class=\"elementor-container elementor-column-gap-default\">\n\t\t\t\t\t<div class=\"elementor-column elementor-col-100 elementor-top-column elementor-element elementor-element-9ec7326 exad-glass-effect-no exad-sticky-section-no\" data-id=\"9ec7326\" data-element_type=\"column\">\n\t\t\t<div class=\"elementor-widget-wrap elementor-element-populated\">\n\t\t\t\t\t\t\t<\/div>\n\t\t<\/div>\n\t\t\t\t\t<\/div>\n\t\t<\/section>\n\t\t\t\t<section data-exad-particle-enable=\"false\" class=\"elementor-section elementor-top-section elementor-element elementor-element-cbb6e22 elementor-section-full_width elementor-section-height-default elementor-section-height-default exad-parallax-effect-no exad-background-color-change-no exad-glass-effect-no exad-sticky-section-no\" data-id=\"cbb6e22\" data-element_type=\"section\">\n\t\t\t\t\t\t<div class=\"elementor-container elementor-column-gap-default\">\n\t\t\t\t\t<div class=\"elementor-column elementor-col-50 elementor-top-column elementor-element elementor-element-baa7299 exad-glass-effect-no exad-sticky-section-no\" data-id=\"baa7299\" data-element_type=\"column\">\n\t\t\t<div class=\"elementor-widget-wrap elementor-element-populated\">\n\t\t\t\t\t\t<div class=\"elementor-element elementor-element-845bc0f elementor-widget-divider--view-line exad-sticky-section-no exad-glass-effect-no elementor-widget elementor-widget-divider\" data-id=\"845bc0f\" data-element_type=\"widget\" data-widget_type=\"divider.default\">\n\t\t\t\t<div class=\"elementor-widget-container\">\n\t\t\t\t\t\t\t<div class=\"elementor-divider\">\n\t\t\t<span class=\"elementor-divider-separator\">\n\t\t\t\t\t\t<\/span>\n\t\t<\/div>\n\t\t\t\t\t\t<\/div>\n\t\t\t\t<\/div>\n\t\t\t\t<section data-exad-particle-enable=\"false\" class=\"elementor-section elementor-inner-section elementor-element elementor-element-0acbc66 elementor-section-full_width elementor-section-height-default elementor-section-height-default exad-parallax-effect-no exad-background-color-change-no exad-glass-effect-no exad-sticky-section-no\" data-id=\"0acbc66\" data-element_type=\"section\">\n\t\t\t\t\t\t<div class=\"elementor-container elementor-column-gap-default\">\n\t\t\t\t\t<div class=\"elementor-column elementor-col-100 elementor-inner-column elementor-element elementor-element-e429b19 exad-glass-effect-no exad-sticky-section-no\" data-id=\"e429b19\" data-element_type=\"column\">\n\t\t\t<div class=\"elementor-widget-wrap elementor-element-populated\">\n\t\t\t\t\t\t<div class=\"elementor-element elementor-element-a05b040 exad-sticky-section-no exad-glass-effect-no elementor-widget elementor-widget-exad-table\" data-id=\"a05b040\" data-element_type=\"widget\" data-widget_type=\"exad-table.default\">\n\t\t\t\t<div class=\"elementor-widget-container\">\n\t\t\t\t\t\t\t<div class=\"exad-table-container\" table-table_id=\"a05b040\">\n\t\t\t<table id=\"exad-table-id-a05b040\" class=\"exad-main-table dt-responsive\">\n\t\t\t    <thead>\n\t\t\t        <tr class=\"table-heading\">\n\t\t\t        \t\n\t\t            \t\t<th  >\n\t\t\t\t\t\t\t\tN\u00b0\t\t\t\t\t\t\t<\/th>\n\t\t\t\t\t\t\t\n\t\t            \t\t<th  >\n\t\t\t\t\t\t\t\tDocument title\t\t\t\t\t\t\t<\/th>\n\t\t\t\t\t\t\t\n\t\t            \t\t<th  >\n\t\t\t\t\t\t\t\tDownloads\t\t\t\t\t\t\t<\/th>\n\t\t\t\t\t\t\t\n\t\t            \t\t<th  >\n\t\t\t\t\t\t\t\tPeriods\t\t\t\t\t\t\t<\/th>\n\t\t\t\t\t\t\t\t\t\t        <\/tr>\n\t\t\t    <\/thead>\n\n\t\t\t  \t<tbody>\n\t\t\t\t\t\t\t\t\t\t\t<tr class=\"exad-table-row\">\n\t\t\t\t\t\t\t\t\t\t\t\t\t\t\t\t\n\t\t\t\t\t\t\t\t\t<td  >\n\t\t\t\t\t\t\t\t\t\t<div class=\"exad-td-content-wrapper\">\n\t\t\t\t\t\t\t\t\t\t\t<div class=\"exad-td-content\" >\n\t\t\t\t\t\t\t\t\t\t\t\t1\t\t\t\t\t\t\t\t\t\t\t<\/div>\n\t\t\t\t\t\t\t\t\t\t<\/div>\n\t\t\t\t\t\t\t\t\t<\/td>\n\t\t\t\t\t\t\t\t\t\t\t\t\t\t\t\t\t\t\t\t\t\t\t\t\n\t\t\t\t\t\t\t\t\t<td  >\n\t\t\t\t\t\t\t\t\t\t<div class=\"exad-td-content-wrapper\">\n\t\t\t\t\t\t\t\t\t\t\t<div class=\"exad-td-content\" >\n\t\t\t\t\t\t\t\t\t\t\t\tCAST Order\t\t\t\t\t\t\t\t\t\t\t<\/div>\n\t\t\t\t\t\t\t\t\t\t<\/div>\n\t\t\t\t\t\t\t\t\t<\/td>\n\t\t\t\t\t\t\t\t\t\t\t\t\t\t\t\t\t\t\t\t\t\t\t\t\n\t\t\t\t\t\t\t\t\t<td  style=\"color: #000000;border-style: none;border-width:     ;\">\n\t\t\t\t\t\t\t\t\t\t<div class=\"exad-td-content-wrapper\">\n\t\t\t\t\t\t\t\t\t\t\t<div class=\"exad-td-content\" style=\"justify-content: center;\">\n\t\t\t\t\t\t\t\t\t\t\t\t\t\t\t\t\t\t\t\t\t\t\t\t\t<i class=\"far fa-file-pdf exad-table-content-icon\"><\/i>\n\t\t\t\t\t\t\t\t\t\t\t\t\t\t\t\t\t\t\t\t\t\t\t\t\t<a href=\"https:\/\/padfaci.org\/wp-content\/uploads\/2022\/12\/Arrete-CAST.pdf\" target=\"_blank\" >\n\t\t\t\t\t\t\t\t\t\t\t\t\t\tDownload\t\t\t\t\t\t\t\t\t\t\t\t\t<\/a>\n\t\t\t\t\t\t\t\t\t\t\t\t\t\t\t\t\t\t\t\t\t\t\t<\/div>\n\t\t\t\t\t\t\t\t\t\t<\/div>\n\t\t\t\t\t\t\t\t\t<\/td>\n\t\t\t\t\t\t\t\t\t\t\t\t\t\t\t\t\t\t\t\t\t\t\t\t\n\t\t\t\t\t\t\t\t\t<td  style=\"color: #000000;border-style: none;border-width:     ;\">\n\t\t\t\t\t\t\t\t\t\t<div class=\"exad-td-content-wrapper\">\n\t\t\t\t\t\t\t\t\t\t\t<div class=\"exad-td-content\" style=\"justify-content: center;\">\n\t\t\t\t\t\t\t\t\t\t\t\tApril 2018\t\t\t\t\t\t\t\t\t\t\t<\/div>\n\t\t\t\t\t\t\t\t\t\t<\/div>\n\t\t\t\t\t\t\t\t\t<\/td>\n\t\t\t\t\t\t\t\t\t\t\t\t\t\t\t\t\t\t\t\t\t\t\t\t\t\t\t\t\t\t\t\t\t\t\t\t\t\t\t\t\t\t\t\t\t\t\t\t\t\t\t\t\t\t\t\t\t\t\t\t\t\t\t\t\t\t\t\t\t\t\t\t\t\t\t\t\t\t\t\t\t\t\t\t\t\t\t\t\t\t\t\t\t\t\t\t\t\t\t\t\t\t\t\t\t\t\t\t\t\t\t\t\t\t\t\t\t\t\t\t\t\t\t\t\t\t\t\t\t\t\t\t\t<\/tr>\n\t\t\t        \t\t\t\t\t\t<tr class=\"exad-table-row\">\n\t\t\t\t\t\t\t\t\t\t\t\t\t\t\t\t\t\t\t\t\t\t\t\t\t\t\t\t\t\t\t\t\t\t\t\t\t\t\t\t\t\t\t\t\n\t\t\t\t\t\t\t\t\t<td  >\n\t\t\t\t\t\t\t\t\t\t<div class=\"exad-td-content-wrapper\">\n\t\t\t\t\t\t\t\t\t\t\t<div class=\"exad-td-content\" >\n\t\t\t\t\t\t\t\t\t\t\t\t2\t\t\t\t\t\t\t\t\t\t\t<\/div>\n\t\t\t\t\t\t\t\t\t\t<\/div>\n\t\t\t\t\t\t\t\t\t<\/td>\n\t\t\t\t\t\t\t\t\t\t\t\t\t\t\t\t\t\t\t\t\t\t\t\t\n\t\t\t\t\t\t\t\t\t<td  >\n\t\t\t\t\t\t\t\t\t\t<div class=\"exad-td-content-wrapper\">\n\t\t\t\t\t\t\t\t\t\t\t<div class=\"exad-td-content\" >\n\t\t\t\t\t\t\t\t\t\t\t\tCOP decree\t\t\t\t\t\t\t\t\t\t\t<\/div>\n\t\t\t\t\t\t\t\t\t\t<\/div>\n\t\t\t\t\t\t\t\t\t<\/td>\n\t\t\t\t\t\t\t\t\t\t\t\t\t\t\t\t\t\t\t\t\t\t\t\t\n\t\t\t\t\t\t\t\t\t<td  style=\"color: #000000;border-style: none;border-width:     ;\">\n\t\t\t\t\t\t\t\t\t\t<div class=\"exad-td-content-wrapper\">\n\t\t\t\t\t\t\t\t\t\t\t<div class=\"exad-td-content\" style=\"justify-content: center;\">\n\t\t\t\t\t\t\t\t\t\t\t\t\t\t\t\t\t\t\t\t\t\t\t\t\t<i class=\"far fa-file-pdf exad-table-content-icon\"><\/i>\n\t\t\t\t\t\t\t\t\t\t\t\t\t\t\t\t\t\t\t\t\t\t\t\t\t<a href=\"https:\/\/padfaci.org\/wp-content\/uploads\/2022\/12\/Arrete-COP.pdf\" target=\"_blank\" >\n\t\t\t\t\t\t\t\t\t\t\t\t\t\tDownload\t\t\t\t\t\t\t\t\t\t\t\t\t<\/a>\n\t\t\t\t\t\t\t\t\t\t\t\t\t\t\t\t\t\t\t\t\t\t\t<\/div>\n\t\t\t\t\t\t\t\t\t\t<\/div>\n\t\t\t\t\t\t\t\t\t<\/td>\n\t\t\t\t\t\t\t\t\t\t\t\t\t\t\t\t\t\t\t\t\t\t\t\t\n\t\t\t\t\t\t\t\t\t<td  style=\"color: #000000;border-style: none;border-width:     ;\">\n\t\t\t\t\t\t\t\t\t\t<div class=\"exad-td-content-wrapper\">\n\t\t\t\t\t\t\t\t\t\t\t<div class=\"exad-td-content\" style=\"justify-content: center;\">\n\t\t\t\t\t\t\t\t\t\t\t\tFebruary 2018\t\t\t\t\t\t\t\t\t\t\t<\/div>\n\t\t\t\t\t\t\t\t\t\t<\/div>\n\t\t\t\t\t\t\t\t\t<\/td>\n\t\t\t\t\t\t\t\t\t\t\t\t\t\t\t\t\t\t\t\t\t\t\t\t\t\t\t\t\t\t\t\t\t\t\t\t\t\t\t\t\t\t\t\t\t\t\t\t\t\t\t\t\t\t\t\t\t\t\t\t\t\t\t\t\t\t\t\t\t\t\t\t\t\t\t\t\t\t\t\t\t\t\t\t\t\t\t\t\t\t\t\t\t\t\t\t\t\t\t\t\t\t\t\t\t<\/tr>\n\t\t\t        \t\t\t\t\t\t<tr class=\"exad-table-row\">\n\t\t\t\t\t\t\t\t\t\t\t\t\t\t\t\t\t\t\t\t\t\t\t\t\t\t\t\t\t\t\t\t\t\t\t\t\t\t\t\t\t\t\t\t\t\t\t\t\t\t\t\t\t\t\t\t\t\t\t\t\t\t\t\t\t\t\t\t\t\t\t\t\n\t\t\t\t\t\t\t\t\t<td  >\n\t\t\t\t\t\t\t\t\t\t<div class=\"exad-td-content-wrapper\">\n\t\t\t\t\t\t\t\t\t\t\t<div class=\"exad-td-content\" >\n\t\t\t\t\t\t\t\t\t\t\t\t3\t\t\t\t\t\t\t\t\t\t\t<\/div>\n\t\t\t\t\t\t\t\t\t\t<\/div>\n\t\t\t\t\t\t\t\t\t<\/td>\n\t\t\t\t\t\t\t\t\t\t\t\t\t\t\t\t\t\t\t\t\t\t\t\t\n\t\t\t\t\t\t\t\t\t<td  >\n\t\t\t\t\t\t\t\t\t\t<div class=\"exad-td-content-wrapper\">\n\t\t\t\t\t\t\t\t\t\t\t<div class=\"exad-td-content\" >\n\t\t\t\t\t\t\t\t\t\t\t\tPADFA final design document\t\t\t\t\t\t\t\t\t\t\t<\/div>\n\t\t\t\t\t\t\t\t\t\t<\/div>\n\t\t\t\t\t\t\t\t\t<\/td>\n\t\t\t\t\t\t\t\t\t\t\t\t\t\t\t\t\t\t\t\t\t\t\t\t\n\t\t\t\t\t\t\t\t\t<td  style=\"color: #000000;border-style: none;border-width:     ;\">\n\t\t\t\t\t\t\t\t\t\t<div class=\"exad-td-content-wrapper\">\n\t\t\t\t\t\t\t\t\t\t\t<div class=\"exad-td-content\" style=\"justify-content: center;\">\n\t\t\t\t\t\t\t\t\t\t\t\t\t\t\t\t\t\t\t\t\t\t\t\t\t<i class=\"far fa-file-pdf exad-table-content-icon\"><\/i>\n\t\t\t\t\t\t\t\t\t\t\t\t\t\t\t\t\t\t\t\t\t\t\t\t\t<a href=\"https:\/\/padfaci.org\/wp-content\/uploads\/2022\/12\/PADFA-document-de-conception-finale_0024-1500319534-3623_8068.pdf\" target=\"_blank\" >\n\t\t\t\t\t\t\t\t\t\t\t\t\t\tDownload\t\t\t\t\t\t\t\t\t\t\t\t\t<\/a>\n\t\t\t\t\t\t\t\t\t\t\t\t\t\t\t\t\t\t\t\t\t\t\t<\/div>\n\t\t\t\t\t\t\t\t\t\t<\/div>\n\t\t\t\t\t\t\t\t\t<\/td>\n\t\t\t\t\t\t\t\t\t\t\t\t\t\t\t\t\t\t\t\t\t\t\t\t\n\t\t\t\t\t\t\t\t\t<td  style=\"border-style: none;border-width:     ;\">\n\t\t\t\t\t\t\t\t\t\t<div class=\"exad-td-content-wrapper\">\n\t\t\t\t\t\t\t\t\t\t\t<div class=\"exad-td-content\" style=\"justify-content: center;\">\n\t\t\t\t\t\t\t\t\t\t\t\tJuly 2017\t\t\t\t\t\t\t\t\t\t\t<\/div>\n\t\t\t\t\t\t\t\t\t\t<\/div>\n\t\t\t\t\t\t\t\t\t<\/td>\n\t\t\t\t\t\t\t\t\t\t\t\t\t\t\t\t\t\t\t\t\t\t\t\t\t\t\t\t\t\t\t\t\t\t\t\t\t\t\t\t\t\t\t\t\t\t\t\t\t\t\t\t\t\t\t\t\t\t\t\t\t\t\t\t\t\t\t\t\t\t\t\t\t\t\t\t\t<\/tr>\n\t\t\t        \t\t\t\t\t\t<tr class=\"exad-table-row\">\n\t\t\t\t\t\t\t\t\t\t\t\t\t\t\t\t\t\t\t\t\t\t\t\t\t\t\t\t\t\t\t\t\t\t\t\t\t\t\t\t\t\t\t\t\t\t\t\t\t\t\t\t\t\t\t\t\t\t\t\t\t\t\t\t\t\t\t\t\t\t\t\t\t\t\t\t\t\t\t\t\t\t\t\t\t\t\t\t\t\t\t\t\t\t\t\t\t\t\t\t\n\t\t\t\t\t\t\t\t\t<td  >\n\t\t\t\t\t\t\t\t\t\t<div class=\"exad-td-content-wrapper\">\n\t\t\t\t\t\t\t\t\t\t\t<div class=\"exad-td-content\" >\n\t\t\t\t\t\t\t\t\t\t\t\t4\t\t\t\t\t\t\t\t\t\t\t<\/div>\n\t\t\t\t\t\t\t\t\t\t<\/div>\n\t\t\t\t\t\t\t\t\t<\/td>\n\t\t\t\t\t\t\t\t\t\t\t\t\t\t\t\t\t\t\t\t\t\t\t\t\n\t\t\t\t\t\t\t\t\t<td  >\n\t\t\t\t\t\t\t\t\t\t<div class=\"exad-td-content-wrapper\">\n\t\t\t\t\t\t\t\t\t\t\t<div class=\"exad-td-content\" >\n\t\t\t\t\t\t\t\t\t\t\t\tLettre de gestion et Aide-Memoire projet PADFA\t\t\t\t\t\t\t\t\t\t\t<\/div>\n\t\t\t\t\t\t\t\t\t\t<\/div>\n\t\t\t\t\t\t\t\t\t<\/td>\n\t\t\t\t\t\t\t\t\t\t\t\t\t\t\t\t\t\t\t\t\t\t\t\t\n\t\t\t\t\t\t\t\t\t<td  style=\"color: #000000;border-style: none;border-width:     ;\">\n\t\t\t\t\t\t\t\t\t\t<div class=\"exad-td-content-wrapper\">\n\t\t\t\t\t\t\t\t\t\t\t<div class=\"exad-td-content\" style=\"justify-content: center;\">\n\t\t\t\t\t\t\t\t\t\t\t\t\t\t\t\t\t\t\t\t\t\t\t\t\t<i class=\"far fa-file-pdf exad-table-content-icon\"><\/i>\n\t\t\t\t\t\t\t\t\t\t\t\t\t\t\t\t\t\t\t\t\t\t\t\t\t<a href=\"https:\/\/padfaci.org\/wp-content\/uploads\/2024\/06\/Lettre-de-gestion-et-Aide-Memoire-projet-PADFA-15-24-avril-2024.pdf\" target=\"_blank\" >\n\t\t\t\t\t\t\t\t\t\t\t\t\t\tDownload\t\t\t\t\t\t\t\t\t\t\t\t\t<\/a>\n\t\t\t\t\t\t\t\t\t\t\t\t\t\t\t\t\t\t\t\t\t\t\t<\/div>\n\t\t\t\t\t\t\t\t\t\t<\/div>\n\t\t\t\t\t\t\t\t\t<\/td>\n\t\t\t\t\t\t\t\t\t\t\t\t\t\t\t\t\t\t\t\t\t\t\t\t\n\t\t\t\t\t\t\t\t\t<td  style=\"border-style: none;border-width:     ;\">\n\t\t\t\t\t\t\t\t\t\t<div class=\"exad-td-content-wrapper\">\n\t\t\t\t\t\t\t\t\t\t\t<div class=\"exad-td-content\" style=\"justify-content: center;\">\n\t\t\t\t\t\t\t\t\t\t\t\tAvril 2024\t\t\t\t\t\t\t\t\t\t\t<\/div>\n\t\t\t\t\t\t\t\t\t\t<\/div>\n\t\t\t\t\t\t\t\t\t<\/td>\n\t\t\t\t\t\t\t\t\t\t\t\t\t\t\t\t\t\t\t\t\t\t\t\t\t\t\t\t\t\t\t\t\t\t\t\t\t\t\t\t\t\t\t\t\t\t\t\t\t<\/tr>\n\t\t\t        \t\t\t\t\t\t<tr class=\"exad-table-row\">\n\t\t\t\t\t\t\t\t\t\t\t\t\t\t\t\t\t\t\t\t\t\t\t\t\t\t\t\t\t\t\t\t\t\t\t\t\t\t\t\t\t\t\t\t\t\t\t\t\t\t\t\t\t\t\t\t\t\t\t\t\t\t\t\t\t\t\t\t\t\t\t\t\t\t\t\t\t\t\t\t\t\t\t\t\t\t\t\t\t\t\t\t\t\t\t\t\t\t\t\t\t\t\t\t\t\t\t\t\t\t\t\t\t\t\t\t\t\t\t\t\t\t\t\t\t\t\t\t\n\t\t\t\t\t\t\t\t\t<td  >\n\t\t\t\t\t\t\t\t\t\t<div class=\"exad-td-content-wrapper\">\n\t\t\t\t\t\t\t\t\t\t\t<div class=\"exad-td-content\" >\n\t\t\t\t\t\t\t\t\t\t\t\t5\t\t\t\t\t\t\t\t\t\t\t<\/div>\n\t\t\t\t\t\t\t\t\t\t<\/div>\n\t\t\t\t\t\t\t\t\t<\/td>\n\t\t\t\t\t\t\t\t\t\t\t\t\t\t\t\t\t\t\t\t\t\t\t\t\n\t\t\t\t\t\t\t\t\t<td  >\n\t\t\t\t\t\t\t\t\t\t<div class=\"exad-td-content-wrapper\">\n\t\t\t\t\t\t\t\t\t\t\t<div class=\"exad-td-content\" >\n\t\t\t\t\t\t\t\t\t\t\t\tRapport principal Mission d'Appui du PADFA 15 au 24 Avril 2024 VERSION FINALE\t\t\t\t\t\t\t\t\t\t\t<\/div>\n\t\t\t\t\t\t\t\t\t\t<\/div>\n\t\t\t\t\t\t\t\t\t<\/td>\n\t\t\t\t\t\t\t\t\t\t\t\t\t\t\t\t\t\t\t\t\t\t\t\t\n\t\t\t\t\t\t\t\t\t<td  style=\"color: #000000;border-style: none;border-width:     ;\">\n\t\t\t\t\t\t\t\t\t\t<div class=\"exad-td-content-wrapper\">\n\t\t\t\t\t\t\t\t\t\t\t<div class=\"exad-td-content\" style=\"justify-content: center;\">\n\t\t\t\t\t\t\t\t\t\t\t\t\t\t\t\t\t\t\t\t\t\t\t\t\t<i class=\"far fa-file-pdf exad-table-content-icon\"><\/i>\n\t\t\t\t\t\t\t\t\t\t\t\t\t\t\t\t\t\t\t\t\t\t\t\t\t<a href=\"https:\/\/padfaci.org\/wp-content\/uploads\/2024\/06\/Rapport-principal-Mission-dAppui-du-PADFA-15-au-24-Avril-2024-VERSION-FINALE.docx\" target=\"_blank\" >\n\t\t\t\t\t\t\t\t\t\t\t\t\t\tDownload\t\t\t\t\t\t\t\t\t\t\t\t\t<\/a>\n\t\t\t\t\t\t\t\t\t\t\t\t\t\t\t\t\t\t\t\t\t\t\t<\/div>\n\t\t\t\t\t\t\t\t\t\t<\/div>\n\t\t\t\t\t\t\t\t\t<\/td>\n\t\t\t\t\t\t\t\t\t\t\t\t\t\t\t\t\t\t\t\t\t\t\t\t\n\t\t\t\t\t\t\t\t\t<td  style=\"border-style: none;border-width:     ;\">\n\t\t\t\t\t\t\t\t\t\t<div class=\"exad-td-content-wrapper\">\n\t\t\t\t\t\t\t\t\t\t\t<div class=\"exad-td-content\" style=\"justify-content: center;\">\n\t\t\t\t\t\t\t\t\t\t\t\tAvril 2024\t\t\t\t\t\t\t\t\t\t\t<\/div>\n\t\t\t\t\t\t\t\t\t\t<\/div>\n\t\t\t\t\t\t\t\t\t<\/td>\n\t\t\t\t\t\t\t\t\t\t\t\t\t\t\t\t\t\t\t\t\t<\/tr>\n\t\t\t        \t\t\t    <\/tbody>\n\t\t\t<\/table>\n\t\t<\/div>\n\t\t\t\t\t\t<\/div>\n\t\t\t\t<\/div>\n\t\t\t\t\t<\/div>\n\t\t<\/div>\n\t\t\t\t\t<\/div>\n\t\t<\/section>\n\t\t\t\t<div class=\"elementor-element elementor-element-67c0839 elementor-widget-divider--view-line exad-sticky-section-no exad-glass-effect-no elementor-widget elementor-widget-divider\" data-id=\"67c0839\" data-element_type=\"widget\" data-widget_type=\"divider.default\">\n\t\t\t\t<div class=\"elementor-widget-container\">\n\t\t\t\t\t\t\t<div class=\"elementor-divider\">\n\t\t\t<span class=\"elementor-divider-separator\">\n\t\t\t\t\t\t<\/span>\n\t\t<\/div>\n\t\t\t\t\t\t<\/div>\n\t\t\t\t<\/div>\n\t\t\t\t\t<\/div>\n\t\t<\/div>\n\t\t\t\t<div class=\"elementor-column elementor-col-50 elementor-top-column elementor-element elementor-element-00d390b exad-glass-effect-no exad-sticky-section-no\" data-id=\"00d390b\" data-element_type=\"column\">\n\t\t\t<div class=\"elementor-widget-wrap elementor-element-populated\">\n\t\t\t\t\t\t<div class=\"elementor-element elementor-element-cee8a82 elementor-nav-menu__text-align-aside exad-sticky-section-no exad-glass-effect-no elementor-widget elementor-widget-nav-menu\" data-id=\"cee8a82\" data-element_type=\"widget\" data-settings=\"{&quot;layout&quot;:&quot;dropdown&quot;,&quot;submenu_icon&quot;:{&quot;value&quot;:&quot;&lt;i class=\\&quot;fas fa-caret-right\\&quot; aria-hidden=\\&quot;true\\&quot;&gt;&lt;\\\/i&gt;&quot;,&quot;library&quot;:&quot;fa-solid&quot;}}\" data-widget_type=\"nav-menu.default\">\n\t\t\t\t<div class=\"elementor-widget-container\">\n\t\t\t\t\t\t\t\t<nav class=\"elementor-nav-menu--dropdown elementor-nav-menu__container\" aria-hidden=\"true\">\n\t\t\t\t<ul id=\"menu-2-cee8a82\" class=\"elementor-nav-menu\"><li class=\"menu-item menu-item-type-post_type menu-item-object-page menu-item-990\"><a href=\"https:\/\/padfaci.org\/en\/documents-officiels\/\" class=\"elementor-item\" tabindex=\"-1\">Official documents<\/a><\/li>\n<li class=\"menu-item menu-item-type-post_type menu-item-object-page menu-item-991\"><a href=\"https:\/\/padfaci.org\/en\/rapports-dactivites\/\" class=\"elementor-item\" tabindex=\"-1\">Activity reports<\/a><\/li>\n<li class=\"menu-item menu-item-type-post_type menu-item-object-page menu-item-992\"><a href=\"https:\/\/padfaci.org\/en\/rapports-detudes\/\" class=\"elementor-item\" tabindex=\"-1\">Study reports<\/a><\/li>\n<li class=\"menu-item menu-item-type-post_type menu-item-object-page menu-item-2089\"><a href=\"https:\/\/padfaci.org\/en\/capitalisation-des-experiences-et-bonnes-pratiques\/\" class=\"elementor-item\" tabindex=\"-1\">Capitalisation des exp\u00e9riences et bonnes pratiques<\/a><\/li>\n<\/ul>\t\t\t<\/nav>\n\t\t\t\t\t\t<\/div>\n\t\t\t\t<\/div>\n\t\t\t\t\t<\/div>\n\t\t<\/div>\n\t\t\t\t\t<\/div>\n\t\t<\/section>\n\t\t\t\t<\/div>","protected":false},"excerpt":{"rendered":"<p>N\u00b0 Titre du document T\u00e9l\u00e9chargements P\u00e9riodes 1 Arre\u0302te\u0301 CAST T\u00e9l\u00e9charger Avril 2018 2 Arre\u0302te\u0301 COP T\u00e9l\u00e9charger F\u00e9vrier 2018 3 PADFA document de conception finale T\u00e9l\u00e9charger Juillet 2017 4 Lettre de gestion et Aide-Memoire projet PADFA T\u00e9l\u00e9charger Avril 2024 5 Rapport principal Mission d&rsquo;Appui du PADFA 15 au 24 Avril 2024 VERSION FINALE T\u00e9l\u00e9charger Avril 2024<\/p>","protected":false},"author":1,"featured_media":0,"parent":0,"menu_order":0,"comment_status":"closed","ping_status":"closed","template":"","meta":{"pgc_sgb_lightbox_settings":"","footnotes":""},"class_list":["post-790","page","type-page","status-publish","hentry","entry"],"aioseo_notices":[],"jetpack_sharing_enabled":true,"_links":{"self":[{"href":"https:\/\/padfaci.org\/en\/wp-json\/wp\/v2\/pages\/790","targetHints":{"allow":["GET"]}}],"collection":[{"href":"https:\/\/padfaci.org\/en\/wp-json\/wp\/v2\/pages"}],"about":[{"href":"https:\/\/padfaci.org\/en\/wp-json\/wp\/v2\/types\/page"}],"author":[{"embeddable":true,"href":"https:\/\/padfaci.org\/en\/wp-json\/wp\/v2\/users\/1"}],"replies":[{"embeddable":true,"href":"https:\/\/padfaci.org\/en\/wp-json\/wp\/v2\/comments?post=790"}],"version-history":[{"count":19,"href":"https:\/\/padfaci.org\/en\/wp-json\/wp\/v2\/pages\/790\/revisions"}],"predecessor-version":[{"id":1999,"href":"https:\/\/padfaci.org\/en\/wp-json\/wp\/v2\/pages\/790\/revisions\/1999"}],"wp:attachment":[{"href":"https:\/\/padfaci.org\/en\/wp-json\/wp\/v2\/media?parent=790"}],"curies":[{"name":"wp","href":"https:\/\/api.w.org\/{rel}","templated":true}]}}