{"id":696,"date":"2023-07-13T10:55:26","date_gmt":"2023-07-13T10:55:26","guid":{"rendered":"https:\/\/padfaci.org\/?page_id=696"},"modified":"2023-07-14T19:57:17","modified_gmt":"2023-07-14T19:57:17","slug":"nos-groupes-cibles","status":"publish","type":"page","link":"https:\/\/padfaci.org\/en\/nos-groupes-cibles\/","title":{"rendered":"Target groups"},"content":{"rendered":"<div data-elementor-type=\"wp-page\" data-elementor-id=\"696\" class=\"elementor elementor-696\" data-elementor-post-type=\"page\">\n\t\t\t\t\t\t<section data-exad-particle-enable=\"false\" class=\"elementor-section elementor-top-section elementor-element elementor-element-d271193 elementor-section-height-min-height elementor-section-full_width elementor-section-stretched elementor-section-height-default elementor-section-items-middle exad-parallax-effect-no exad-background-color-change-no exad-glass-effect-no exad-sticky-section-no\" data-id=\"d271193\" data-element_type=\"section\" data-e-type=\"section\" data-settings=\"{&quot;stretch_section&quot;:&quot;section-stretched&quot;,&quot;background_background&quot;:&quot;classic&quot;}\">\n\t\t\t\t\t\t\t<div class=\"elementor-background-overlay\"><\/div>\n\t\t\t\t\t\t\t<div class=\"elementor-container elementor-column-gap-default\">\n\t\t\t\t\t<div class=\"elementor-column elementor-col-100 elementor-top-column elementor-element elementor-element-f761908 exad-glass-effect-no exad-sticky-section-no\" data-id=\"f761908\" data-element_type=\"column\" data-e-type=\"column\">\n\t\t\t<div class=\"elementor-widget-wrap elementor-element-populated\">\n\t\t\t\t\t\t\t<\/div>\n\t\t<\/div>\n\t\t\t\t\t<\/div>\n\t\t<\/section>\n\t\t\t\t<section data-exad-particle-enable=\"false\" class=\"elementor-section elementor-top-section elementor-element elementor-element-3dc418c elementor-section-full_width elementor-section-height-default elementor-section-height-default exad-parallax-effect-no exad-background-color-change-no exad-glass-effect-no exad-sticky-section-no\" data-id=\"3dc418c\" data-element_type=\"section\" data-e-type=\"section\">\n\t\t\t\t\t\t<div class=\"elementor-container elementor-column-gap-default\">\n\t\t\t\t\t<div class=\"elementor-column elementor-col-50 elementor-top-column elementor-element elementor-element-ecf5c0c exad-glass-effect-no exad-sticky-section-no\" data-id=\"ecf5c0c\" data-element_type=\"column\" data-e-type=\"column\">\n\t\t\t<div class=\"elementor-widget-wrap elementor-element-populated\">\n\t\t\t\t\t\t<section data-exad-particle-enable=\"false\" class=\"elementor-section elementor-inner-section elementor-element elementor-element-1a71bc9 elementor-section-boxed elementor-section-height-default elementor-section-height-default exad-parallax-effect-no exad-background-color-change-no exad-glass-effect-no exad-sticky-section-no\" data-id=\"1a71bc9\" data-element_type=\"section\" data-e-type=\"section\">\n\t\t\t\t\t\t<div class=\"elementor-container elementor-column-gap-default\">\n\t\t\t\t\t<div class=\"elementor-column elementor-col-50 elementor-inner-column elementor-element elementor-element-0b7255f exad-glass-effect-no exad-sticky-section-no\" data-id=\"0b7255f\" data-element_type=\"column\" data-e-type=\"column\">\n\t\t\t<div class=\"elementor-widget-wrap elementor-element-populated\">\n\t\t\t\t\t\t<div class=\"elementor-element elementor-element-add6531 hvr-forward exad-sticky-section-no exad-glass-effect-no elementor-widget elementor-widget-heading\" data-id=\"add6531\" data-element_type=\"widget\" data-e-type=\"widget\" data-widget_type=\"heading.default\">\n\t\t\t\t<div class=\"elementor-widget-container\">\n\t\t\t\t\t<h2 class=\"elementor-heading-title elementor-size-default\">To know about the PADFA<\/h2>\t\t\t\t<\/div>\n\t\t\t\t<\/div>\n\t\t\t\t<div class=\"elementor-element elementor-element-871b8b6 exad-sticky-section-no exad-glass-effect-no elementor-widget elementor-widget-text-editor\" data-id=\"871b8b6\" data-element_type=\"widget\" data-e-type=\"widget\" data-widget_type=\"text-editor.default\">\n\t\t\t\t<div class=\"elementor-widget-container\">\n\t\t\t\t\t\t\t\t\t<p>32,500 rural households, including 20,000 in the rice sector, 3,000 in the vegetable sector, 5,000 in the mango sector and 4,500 in downstream activities. It will reach 180,000 beneficiaries<br \/>consisting of:<\/p><ul><li><strong>40% women:<\/strong><\/li><li><strong>40% young people (aged 15 to 35)<\/strong><\/li><\/ul>\t\t\t\t\t\t\t\t<\/div>\n\t\t\t\t<\/div>\n\t\t\t\t\t<\/div>\n\t\t<\/div>\n\t\t\t\t<div class=\"elementor-column elementor-col-50 elementor-inner-column elementor-element elementor-element-5d002f6 exad-glass-effect-no exad-sticky-section-no\" data-id=\"5d002f6\" data-element_type=\"column\" data-e-type=\"column\">\n\t\t\t<div class=\"elementor-widget-wrap elementor-element-populated\">\n\t\t\t\t\t\t<div class=\"elementor-element elementor-element-ea9993d exad-sticky-section-no exad-glass-effect-no elementor-widget elementor-widget-image\" data-id=\"ea9993d\" data-element_type=\"widget\" data-e-type=\"widget\" data-widget_type=\"image.default\">\n\t\t\t\t<div class=\"elementor-widget-container\">\n\t\t\t\t\t\t\t\t\t\t\t\t\t\t\t<img fetchpriority=\"high\" decoding=\"async\" width=\"1423\" height=\"1437\" src=\"https:\/\/padfaci.org\/wp-content\/uploads\/2023\/07\/Plan-de-travail-1@3x.png\" class=\"attachment-full size-full wp-image-699\" alt=\"\" srcset=\"https:\/\/padfaci.org\/wp-content\/uploads\/2023\/07\/Plan-de-travail-1@3x.png 1423w, https:\/\/padfaci.org\/wp-content\/uploads\/2023\/07\/Plan-de-travail-1@3x-297x300.png 297w, https:\/\/padfaci.org\/wp-content\/uploads\/2023\/07\/Plan-de-travail-1@3x-1014x1024.png 1014w, https:\/\/padfaci.org\/wp-content\/uploads\/2023\/07\/Plan-de-travail-1@3x-150x150.png 150w, https:\/\/padfaci.org\/wp-content\/uploads\/2023\/07\/Plan-de-travail-1@3x-768x776.png 768w\" sizes=\"(max-width: 1423px) 100vw, 1423px\" style=\"width:100%;height:100.98%;max-width:1423px\" \/>\t\t\t\t\t\t\t\t\t\t\t\t\t\t\t<\/div>\n\t\t\t\t<\/div>\n\t\t\t\t\t<\/div>\n\t\t<\/div>\n\t\t\t\t\t<\/div>\n\t\t<\/section>\n\t\t\t\t\t<\/div>\n\t\t<\/div>\n\t\t\t\t<div class=\"elementor-column elementor-col-50 elementor-top-column elementor-element elementor-element-3a38944 exad-glass-effect-no exad-sticky-section-no\" data-id=\"3a38944\" data-element_type=\"column\" data-e-type=\"column\">\n\t\t\t<div class=\"elementor-widget-wrap elementor-element-populated\">\n\t\t\t\t\t\t<div class=\"elementor-element elementor-element-ad6c39a elementor-nav-menu__text-align-aside exad-sticky-section-no exad-glass-effect-no elementor-widget elementor-widget-nav-menu\" data-id=\"ad6c39a\" data-element_type=\"widget\" data-e-type=\"widget\" data-settings=\"{&quot;layout&quot;:&quot;dropdown&quot;,&quot;submenu_icon&quot;:{&quot;value&quot;:&quot;&lt;i class=\\&quot;fas fa-caret-right\\&quot; aria-hidden=\\&quot;true\\&quot;&gt;&lt;\\\/i&gt;&quot;,&quot;library&quot;:&quot;fa-solid&quot;}}\" data-widget_type=\"nav-menu.default\">\n\t\t\t\t<div class=\"elementor-widget-container\">\n\t\t\t\t\t\t\t\t<nav class=\"elementor-nav-menu--dropdown elementor-nav-menu__container\" aria-hidden=\"true\">\n\t\t\t\t<ul id=\"menu-2-ad6c39a\" class=\"elementor-nav-menu\"><li class=\"menu-item menu-item-type-post_type menu-item-object-page menu-item-954\"><a href=\"https:\/\/padfaci.org\/en\/mot-du-coordonnateur\/\" class=\"elementor-item\" tabindex=\"-1\">Word from the coordinator<\/a><\/li>\n<li class=\"menu-item menu-item-type-post_type menu-item-object-page menu-item-955\"><a href=\"https:\/\/padfaci.org\/en\/qui-sommes-nous\/\" class=\"elementor-item\" tabindex=\"-1\">Who are we ?<\/a><\/li>\n<li class=\"menu-item menu-item-type-post_type menu-item-object-page menu-item-956\"><a href=\"https:\/\/padfaci.org\/en\/nos-groupes-cibles\/\" class=\"elementor-item\" tabindex=\"-1\">Target groups<\/a><\/li>\n<li class=\"menu-item menu-item-type-post_type menu-item-object-page menu-item-953\"><a href=\"https:\/\/padfaci.org\/en\/les-composantes\/\" class=\"elementor-item\" tabindex=\"-1\">Components<\/a><\/li>\n<li class=\"menu-item menu-item-type-post_type menu-item-object-page menu-item-957\"><a href=\"https:\/\/padfaci.org\/en\/strategie-de-mise-en-oeuvre\/\" class=\"elementor-item\" tabindex=\"-1\">Implementation strategy<\/a><\/li>\n<\/ul>\t\t\t<\/nav>\n\t\t\t\t\t\t<\/div>\n\t\t\t\t<\/div>\n\t\t\t\t\t<\/div>\n\t\t<\/div>\n\t\t\t\t\t<\/div>\n\t\t<\/section>\n\t\t\t\t<\/div>","protected":false},"excerpt":{"rendered":"<p>\u00c0 savoir sur le PADFA 32.500 m\u00e9nages ruraux dont 20.000 dans la fili\u00e8re riz, 3.000 dans la fili\u00e8re mara\u00eech\u00e8re, 5.000 dans la fili\u00e8re mangue et 4.500 au niveau des activit\u00e9s en aval. Il touchera 180.000 b\u00e9n\u00e9ficiaires constitu\u00e9s de : 40% de femmes : 40% de jeunes (\u00e2g\u00e9s de 15 ans \u00e0 35 ans)<\/p>","protected":false},"author":1,"featured_media":323,"parent":0,"menu_order":0,"comment_status":"closed","ping_status":"closed","template":"","meta":{"pgc_sgb_lightbox_settings":"","footnotes":""},"class_list":["post-696","page","type-page","status-publish","has-post-thumbnail","hentry","entry"],"aioseo_notices":[],"jetpack_sharing_enabled":true,"_links":{"self":[{"href":"https:\/\/padfaci.org\/en\/wp-json\/wp\/v2\/pages\/696","targetHints":{"allow":["GET"]}}],"collection":[{"href":"https:\/\/padfaci.org\/en\/wp-json\/wp\/v2\/pages"}],"about":[{"href":"https:\/\/padfaci.org\/en\/wp-json\/wp\/v2\/types\/page"}],"author":[{"embeddable":true,"href":"https:\/\/padfaci.org\/en\/wp-json\/wp\/v2\/users\/1"}],"replies":[{"embeddable":true,"href":"https:\/\/padfaci.org\/en\/wp-json\/wp\/v2\/comments?post=696"}],"version-history":[{"count":12,"href":"https:\/\/padfaci.org\/en\/wp-json\/wp\/v2\/pages\/696\/revisions"}],"predecessor-version":[{"id":1280,"href":"https:\/\/padfaci.org\/en\/wp-json\/wp\/v2\/pages\/696\/revisions\/1280"}],"wp:featuredmedia":[{"embeddable":true,"href":"https:\/\/padfaci.org\/en\/wp-json\/wp\/v2\/media\/323"}],"wp:attachment":[{"href":"https:\/\/padfaci.org\/en\/wp-json\/wp\/v2\/media?parent=696"}],"curies":[{"name":"wp","href":"https:\/\/api.w.org\/{rel}","templated":true}]}}