{"id":547,"date":"2023-07-13T08:17:56","date_gmt":"2023-07-13T08:17:56","guid":{"rendered":"https:\/\/padfaci.org\/?page_id=547"},"modified":"2023-07-15T04:24:42","modified_gmt":"2023-07-15T04:24:42","slug":"mot-du-coordonnateur","status":"publish","type":"page","link":"https:\/\/padfaci.org\/en\/mot-du-coordonnateur\/","title":{"rendered":"Word from the coordinator"},"content":{"rendered":"<div data-elementor-type=\"wp-page\" data-elementor-id=\"547\" class=\"elementor elementor-547\" data-elementor-post-type=\"page\">\n\t\t\t\t\t\t<section data-exad-particle-enable=\"false\" class=\"elementor-section elementor-top-section elementor-element elementor-element-87cbf51 elementor-section-full_width elementor-section-height-min-height elementor-section-stretched elementor-section-height-default elementor-section-items-middle exad-parallax-effect-no exad-background-color-change-no exad-sticky-section-no\" data-id=\"87cbf51\" data-element_type=\"section\" data-e-type=\"section\" data-settings=\"{&quot;stretch_section&quot;:&quot;section-stretched&quot;,&quot;background_background&quot;:&quot;classic&quot;}\">\n\t\t\t\t\t\t\t<div class=\"elementor-background-overlay\"><\/div>\n\t\t\t\t\t\t\t<div class=\"elementor-container elementor-column-gap-default\">\n\t\t\t\t\t<div class=\"elementor-column elementor-col-100 elementor-top-column elementor-element elementor-element-9baa3e9 exad-glass-effect-no exad-sticky-section-no\" data-id=\"9baa3e9\" data-element_type=\"column\" data-e-type=\"column\">\n\t\t\t<div class=\"elementor-widget-wrap elementor-element-populated\">\n\t\t\t\t\t\t\t<\/div>\n\t\t<\/div>\n\t\t\t\t\t<\/div>\n\t\t<\/section>\n\t\t\t\t<section data-exad-particle-enable=\"false\" class=\"elementor-section elementor-top-section elementor-element elementor-element-36c6fa5 elementor-section-full_width elementor-section-height-default elementor-section-height-default exad-parallax-effect-no exad-background-color-change-no exad-glass-effect-no exad-sticky-section-no\" data-id=\"36c6fa5\" data-element_type=\"section\" data-e-type=\"section\">\n\t\t\t\t\t\t<div class=\"elementor-container elementor-column-gap-default\">\n\t\t\t\t\t<div class=\"elementor-column elementor-col-50 elementor-top-column elementor-element elementor-element-73c28c1 exad-glass-effect-no exad-sticky-section-no\" data-id=\"73c28c1\" data-element_type=\"column\" data-e-type=\"column\">\n\t\t\t<div class=\"elementor-widget-wrap elementor-element-populated\">\n\t\t\t\t\t\t<section data-exad-particle-enable=\"false\" class=\"elementor-section elementor-inner-section elementor-element elementor-element-6910027 elementor-section-boxed elementor-section-height-default elementor-section-height-default exad-parallax-effect-no exad-background-color-change-no exad-glass-effect-no exad-sticky-section-no\" data-id=\"6910027\" data-element_type=\"section\" data-e-type=\"section\">\n\t\t\t\t\t\t<div class=\"elementor-container elementor-column-gap-default\">\n\t\t\t\t\t<div class=\"elementor-column elementor-col-50 elementor-inner-column elementor-element elementor-element-b91c8e2 exad-glass-effect-no exad-sticky-section-no\" data-id=\"b91c8e2\" data-element_type=\"column\" data-e-type=\"column\">\n\t\t\t<div class=\"elementor-widget-wrap elementor-element-populated\">\n\t\t\t\t\t\t<div class=\"elementor-element elementor-element-42ecd7a exad-sticky-section-no exad-glass-effect-no elementor-widget elementor-widget-image\" data-id=\"42ecd7a\" data-element_type=\"widget\" data-e-type=\"widget\" data-widget_type=\"image.default\">\n\t\t\t\t<div class=\"elementor-widget-container\">\n\t\t\t\t\t\t\t\t\t\t\t\t\t\t\t<img fetchpriority=\"high\" decoding=\"async\" width=\"500\" height=\"596\" src=\"https:\/\/padfaci.org\/wp-content\/uploads\/2023\/07\/Coordo.jpg\" class=\"attachment-full size-full wp-image-52\" alt=\"\" srcset=\"https:\/\/padfaci.org\/wp-content\/uploads\/2023\/07\/Coordo.jpg 500w, https:\/\/padfaci.org\/wp-content\/uploads\/2023\/07\/Coordo-252x300.jpg 252w\" sizes=\"(max-width: 500px) 100vw, 500px\" style=\"width:100%;height:119.2%;max-width:500px\" \/>\t\t\t\t\t\t\t\t\t\t\t\t\t\t\t<\/div>\n\t\t\t\t<\/div>\n\t\t\t\t<div class=\"elementor-element elementor-element-c707f15 elementor-widget-divider--view-line exad-sticky-section-no exad-glass-effect-no elementor-widget elementor-widget-divider\" data-id=\"c707f15\" data-element_type=\"widget\" data-e-type=\"widget\" data-widget_type=\"divider.default\">\n\t\t\t\t<div class=\"elementor-widget-container\">\n\t\t\t\t\t\t\t<div class=\"elementor-divider\">\n\t\t\t<span class=\"elementor-divider-separator\">\n\t\t\t\t\t\t<\/span>\n\t\t<\/div>\n\t\t\t\t\t\t<\/div>\n\t\t\t\t<\/div>\n\t\t\t\t<div class=\"elementor-element elementor-element-8bb7e43 exad-sticky-section-no exad-glass-effect-no elementor-widget elementor-widget-heading\" data-id=\"8bb7e43\" data-element_type=\"widget\" data-e-type=\"widget\" data-widget_type=\"heading.default\">\n\t\t\t\t<div class=\"elementor-widget-container\">\n\t\t\t\t\t<h2 class=\"elementor-heading-title elementor-size-default\">M. Edja Messou<\/h2>\t\t\t\t<\/div>\n\t\t\t\t<\/div>\n\t\t\t\t<div class=\"elementor-element elementor-element-29630ce elementor-widget-divider--view-line exad-sticky-section-no exad-glass-effect-no elementor-widget elementor-widget-divider\" data-id=\"29630ce\" data-element_type=\"widget\" data-e-type=\"widget\" data-widget_type=\"divider.default\">\n\t\t\t\t<div class=\"elementor-widget-container\">\n\t\t\t\t\t\t\t<div class=\"elementor-divider\">\n\t\t\t<span class=\"elementor-divider-separator\">\n\t\t\t\t\t\t<\/span>\n\t\t<\/div>\n\t\t\t\t\t\t<\/div>\n\t\t\t\t<\/div>\n\t\t\t\t<div class=\"elementor-element elementor-element-3d21c20 exad-sticky-section-no exad-glass-effect-no elementor-widget elementor-widget-text-editor\" data-id=\"3d21c20\" data-element_type=\"widget\" data-e-type=\"widget\" data-widget_type=\"text-editor.default\">\n\t\t\t\t<div class=\"elementor-widget-container\">\n\t\t\t\t\t\t\t\t\t<p>PADFA Coordinator<\/p>\t\t\t\t\t\t\t\t<\/div>\n\t\t\t\t<\/div>\n\t\t\t\t\t<\/div>\n\t\t<\/div>\n\t\t\t\t<div class=\"elementor-column elementor-col-50 elementor-inner-column elementor-element elementor-element-28d3559 exad-glass-effect-no exad-sticky-section-no\" data-id=\"28d3559\" data-element_type=\"column\" data-e-type=\"column\">\n\t\t\t<div class=\"elementor-widget-wrap elementor-element-populated\">\n\t\t\t\t\t\t<div class=\"elementor-element elementor-element-adb63c5 exad-sticky-section-no exad-glass-effect-no elementor-widget elementor-widget-text-editor\" data-id=\"adb63c5\" data-element_type=\"widget\" data-e-type=\"widget\" data-widget_type=\"text-editor.default\">\n\t\t\t\t<div class=\"elementor-widget-container\">\n\t\t\t\t\t\t\t\t\t<p>Ladies and gentlemen,<\/p><p>Dear Partners and Beneficiaries,<br \/>It is with great pleasure that I welcome you to the website of the\u00a0<strong>Support Program for the Development of Agricultural Sectors<\/strong>, thanking you for your visit.<\/p><p>At the time when the\u00a0<strong>PADFA<\/strong>\u00a0is halfway through, I am particularly pleased to tell you that we are also resolutely part of the information and communication revolution.<\/p><p>Our site of <strong><a href=\"https:\/\/padfaci.org\/en\/\">PADFA<\/a><\/strong>\u00a0has been designed for user satisfaction, the loyalty of our beneficiaries and stakeholders, and continuous communication on our achievements. It aims to inform you of the activities of the agricultural sector in general and the activities of the\u00a0<strong>PADFA<\/strong>\u00a0in particular, but it aspires to also be an interface for the dissemination of information and good practices as part of our contribution to the fight against poverty and food insecurity in the Regions of Bagou\u00e9, Poro, Tchologo, Hambol and Gb\u00eak\u00ea . This site is part of our desire to get closer to our target and their concerns, and demonstrates our firm commitment to always making the satisfaction of their needs our raison d'\u00eatre. Thus, I hope that it will be a reference site for everyone for all information relating to the development of the vegetable, mango and rice sectors.<\/p><p>The<strong>Program Coordination Unit (PCU)<\/strong> invites you to accompany him in his mission by visiting the site of the <strong><a href=\"https:\/\/padfaci.org\/en\/\">PADFA<\/a><\/strong> and contributing to its improvement. To this end, do not fail to leave traces of your visit because we will be happy to listen to your reactions and contributions to the fight against poverty and food insecurity in rural areas.<\/p>\t\t\t\t\t\t\t\t<\/div>\n\t\t\t\t<\/div>\n\t\t\t\t<div class=\"elementor-element elementor-element-9653153 exad-sticky-section-no exad-glass-effect-no elementor-widget elementor-widget-text-editor\" data-id=\"9653153\" data-element_type=\"widget\" data-e-type=\"widget\" data-widget_type=\"text-editor.default\">\n\t\t\t\t<div class=\"elementor-widget-container\">\n\t\t\t\t\t\t\t\t\t<p>Excellent visit!<\/p>\t\t\t\t\t\t\t\t<\/div>\n\t\t\t\t<\/div>\n\t\t\t\t\t<\/div>\n\t\t<\/div>\n\t\t\t\t\t<\/div>\n\t\t<\/section>\n\t\t\t\t\t<\/div>\n\t\t<\/div>\n\t\t\t\t<div class=\"elementor-column elementor-col-50 elementor-top-column elementor-element elementor-element-b6c3e98 exad-glass-effect-no exad-sticky-section-no\" data-id=\"b6c3e98\" data-element_type=\"column\" data-e-type=\"column\">\n\t\t\t<div class=\"elementor-widget-wrap elementor-element-populated\">\n\t\t\t\t\t\t<div class=\"elementor-element elementor-element-34e66e8 elementor-nav-menu__text-align-aside exad-sticky-section-no exad-glass-effect-no elementor-widget elementor-widget-nav-menu\" data-id=\"34e66e8\" data-element_type=\"widget\" data-e-type=\"widget\" data-settings=\"{&quot;layout&quot;:&quot;dropdown&quot;,&quot;submenu_icon&quot;:{&quot;value&quot;:&quot;&lt;i class=\\&quot;fas fa-caret-right\\&quot; aria-hidden=\\&quot;true\\&quot;&gt;&lt;\\\/i&gt;&quot;,&quot;library&quot;:&quot;fa-solid&quot;}}\" data-widget_type=\"nav-menu.default\">\n\t\t\t\t<div class=\"elementor-widget-container\">\n\t\t\t\t\t\t\t\t<nav class=\"elementor-nav-menu--dropdown elementor-nav-menu__container\" aria-hidden=\"true\">\n\t\t\t\t<ul id=\"menu-2-34e66e8\" class=\"elementor-nav-menu\"><li class=\"menu-item menu-item-type-post_type menu-item-object-page menu-item-954\"><a href=\"https:\/\/padfaci.org\/en\/mot-du-coordonnateur\/\" class=\"elementor-item\" tabindex=\"-1\">Word from the coordinator<\/a><\/li>\n<li class=\"menu-item menu-item-type-post_type menu-item-object-page menu-item-955\"><a href=\"https:\/\/padfaci.org\/en\/qui-sommes-nous\/\" class=\"elementor-item\" tabindex=\"-1\">Who are we ?<\/a><\/li>\n<li class=\"menu-item menu-item-type-post_type menu-item-object-page menu-item-956\"><a href=\"https:\/\/padfaci.org\/en\/nos-groupes-cibles\/\" class=\"elementor-item\" tabindex=\"-1\">Target groups<\/a><\/li>\n<li class=\"menu-item menu-item-type-post_type menu-item-object-page menu-item-953\"><a href=\"https:\/\/padfaci.org\/en\/les-composantes\/\" class=\"elementor-item\" tabindex=\"-1\">Components<\/a><\/li>\n<li class=\"menu-item menu-item-type-post_type menu-item-object-page menu-item-957\"><a href=\"https:\/\/padfaci.org\/en\/strategie-de-mise-en-oeuvre\/\" class=\"elementor-item\" tabindex=\"-1\">Implementation strategy<\/a><\/li>\n<\/ul>\t\t\t<\/nav>\n\t\t\t\t\t\t<\/div>\n\t\t\t\t<\/div>\n\t\t\t\t\t<\/div>\n\t\t<\/div>\n\t\t\t\t\t<\/div>\n\t\t<\/section>\n\t\t\t\t<\/div>","protected":false},"excerpt":{"rendered":"<p>M. Edja Messou Coordonnateur du PADFA Mesdames, Messieurs, Chers partenaires et b\u00e9n\u00e9ficiaires,C\u2019est avec un r\u00e9el plaisir que je vous souhaite la bienvenue sur le site web du\u00a0Programme d\u2019Appui au D\u00e9veloppement des Fili\u00e8res Agricoles (PADFA), en vous remerciant de votre visite. Au moment o\u00f9 le\u00a0PADFA\u00a0est \u00e0 mi-parcours, il m\u2019est particuli\u00e8rement agr\u00e9able de vous dire que nous&hellip; <a class=\"more-link\" href=\"https:\/\/padfaci.org\/en\/mot-du-coordonnateur\/\">Continue reading <span class=\"screen-reader-text\">Word from the coordinator<\/span><\/a><\/p>","protected":false},"author":1,"featured_media":52,"parent":0,"menu_order":0,"comment_status":"closed","ping_status":"closed","template":"","meta":{"pgc_sgb_lightbox_settings":"","footnotes":""},"class_list":["post-547","page","type-page","status-publish","has-post-thumbnail","hentry","entry"],"aioseo_notices":[],"jetpack_sharing_enabled":true,"_links":{"self":[{"href":"https:\/\/padfaci.org\/en\/wp-json\/wp\/v2\/pages\/547","targetHints":{"allow":["GET"]}}],"collection":[{"href":"https:\/\/padfaci.org\/en\/wp-json\/wp\/v2\/pages"}],"about":[{"href":"https:\/\/padfaci.org\/en\/wp-json\/wp\/v2\/types\/page"}],"author":[{"embeddable":true,"href":"https:\/\/padfaci.org\/en\/wp-json\/wp\/v2\/users\/1"}],"replies":[{"embeddable":true,"href":"https:\/\/padfaci.org\/en\/wp-json\/wp\/v2\/comments?post=547"}],"version-history":[{"count":50,"href":"https:\/\/padfaci.org\/en\/wp-json\/wp\/v2\/pages\/547\/revisions"}],"predecessor-version":[{"id":1365,"href":"https:\/\/padfaci.org\/en\/wp-json\/wp\/v2\/pages\/547\/revisions\/1365"}],"wp:featuredmedia":[{"embeddable":true,"href":"https:\/\/padfaci.org\/en\/wp-json\/wp\/v2\/media\/52"}],"wp:attachment":[{"href":"https:\/\/padfaci.org\/en\/wp-json\/wp\/v2\/media?parent=547"}],"curies":[{"name":"wp","href":"https:\/\/api.w.org\/{rel}","templated":true}]}}